{"id":750,"date":"2026-02-22T14:04:43","date_gmt":"2026-02-22T14:04:43","guid":{"rendered":"https:\/\/ristorante-salvatore.ch\/?page_id=750"},"modified":"2026-02-22T16:42:34","modified_gmt":"2026-02-22T16:42:34","slug":"privacy-policy","status":"publish","type":"page","link":"https:\/\/ristorante-salvatore.ch\/en\/homepage-ristorante-salvatore\/privacy-policy\/","title":{"rendered":"Privacy Policy"},"content":{"rendered":"<div data-elementor-type=\"wp-page\" data-elementor-id=\"750\" class=\"elementor elementor-750\">\n\t\t\t\t<div class=\"elementor-element elementor-element-8ccf7b5 e-flex e-con-boxed e-con e-parent\" data-id=\"8ccf7b5\" data-element_type=\"container\" data-settings=\"{&quot;background_background&quot;:&quot;classic&quot;}\">\n\t\t\t\t\t<div class=\"e-con-inner\">\n\t\t\t\t<div class=\"elementor-element elementor-element-1fd90e8 elementor-widget elementor-widget-text-editor\" data-id=\"1fd90e8\" data-element_type=\"widget\" data-widget_type=\"text-editor.default\">\n\t\t\t\t<div class=\"elementor-widget-container\">\n\t\t\t\t\t\t\t\t\t<p class=\"p1\"><span style=\"color: #000000;\">Privacy policy<\/span><\/p><p class=\"p2\"><span style=\"color: #000000;\">Status: February 2026<\/span><\/p><p class=\"p2\"><span style=\"color: #000000;\">This privacy policy informs you about how we collect and use personal data<\/span><\/p><p class=\"p2\"><span style=\"color: #000000;\">and protect it when you visit our website. We process personal data in accordance with the<\/span><\/p><p class=\"p2\"><span style=\"color: #000000;\">Swiss Federal Act on Data Protection (FADP), in force since 1 September 2023.<\/span><\/p><p class=\"p2\"><span style=\"color: #000000;\">1. responsible person<\/span><\/p><p class=\"p2\"><span style=\"color: #000000;\">Responsible for data processing on this website is<\/span><\/p><p class=\"p2\"><span style=\"color: #000000;\">Saltor AG<\/span><\/p><p class=\"p2\"><span style=\"color: #000000;\">c\/o - Schenkel &amp; Serrago AG<\/span><\/p><p class=\"p2\"><span style=\"color: #000000;\">Hirschmattstrasse 62<\/span><\/p><p class=\"p2\"><span style=\"color: #000000;\">6003 Lucerne<\/span><\/p><p class=\"p2\"><span style=\"color: #000000;\">E-mail: info@saltor.ch<\/span><\/p><p class=\"p2\"><span style=\"color: #000000;\">2. general information on data processing<\/span><\/p><p class=\"p2\"><span style=\"color: #000000;\">We process personal data only to the extent that is necessary to provide a functional<\/span><\/p><p class=\"p2\"><span style=\"color: #000000;\">website, to provide our services and to answer enquiries. Personal data<\/span><\/p><p class=\"p2\"><span style=\"color: #000000;\">Data is any information relating to an identified or identifiable natural person.<\/span><\/p><p class=\"p2\"><span style=\"color: #000000;\">Our website is operated using appropriate technical and organisational security measures.<\/span><\/p><p class=\"p2\"><span style=\"color: #000000;\">operated.<\/span><\/p><p class=\"p2\"><span style=\"color: #000000;\">3. access to the website and server log files<\/span><\/p><p class=\"p2\"><span style=\"color: #000000;\">When you visit our website, our hosting provider automatically collects and stores technical data.<\/span><\/p><p class=\"p2\"><span style=\"color: #000000;\">Information in so-called server log files. This may include in particular<\/span><\/p><p class=\"p2\"><span style=\"color: #000000;\">- IP address<\/span><\/p><p class=\"p2\"><span style=\"color: #000000;\">- Date and time of access<\/span><\/p><p class=\"p2\"><span style=\"color: #000000;\">- Browser type and version<\/span><\/p><p class=\"p2\"><span style=\"color: #000000;\">- Operating system<\/span><\/p><p class=\"p2\"><span style=\"color: #000000;\">- Referrer URL<\/span><\/p><p class=\"p2\"><span style=\"color: #000000;\">This data is used to ensure the stability, security and functionality of the website.<\/span><\/p><p class=\"p2\"><span style=\"color: #000000;\">processed. This data is not merged with other data sources. The data<\/span><\/p><p class=\"p2\"><span style=\"color: #000000;\">will be deleted in accordance with the hosting provider's retention periods.<\/span><\/p><p class=\"p2\"><span style=\"color: #000000;\">4. cookies<\/span><\/p><p class=\"p2\"><span style=\"color: #000000;\">Our website uses cookies. Cookies are small text files that are stored on your end device.<\/span><\/p><p class=\"p2\"><span style=\"color: #000000;\">and support the technical functionality of the website.4.1 Technically necessary cookies<\/span><\/p><p class=\"p2\"><span style=\"color: #000000;\">We use technically necessary cookies that are required for the operation of the website (e.g.<\/span><\/p><p class=\"p2\"><span style=\"color: #000000;\">session cookies). These cookies are necessary to provide basic functions of the website,<\/span><\/p><p class=\"p2\"><span style=\"color: #000000;\">and do not require consent.<\/span><\/p><p class=\"p2\"><span style=\"color: #000000;\">4.2 Cookies from third-party providers<\/span><\/p><p class=\"p2\"><span style=\"color: #000000;\">If third-party services are used on our website (see section 5), cookies may be<\/span><\/p><p class=\"p2\"><span style=\"color: #000000;\">of these providers are set. These cookies are used to provide the respective services.<\/span><\/p><p class=\"p2\"><span style=\"color: #000000;\">5. google maps<\/span><\/p><p class=\"p2\"><span style=\"color: #000000;\">Our website uses Google Maps, a map service provided by Google LLC, 1600 Amphitheatre Parkway,<\/span><\/p><p class=\"p2\"><span style=\"color: #000000;\">Mountain View, CA 94043, USA.<\/span><\/p><p class=\"p2\"><span style=\"color: #000000;\">When accessing a page with an embedded Google map, information such as your IP address and<\/span><\/p><p class=\"p2\"><span style=\"color: #000000;\">technical usage data is transmitted to Google and stored on servers outside Switzerland and the EU.<\/span><\/p><p class=\"p2\"><span style=\"color: #000000;\">European Union are processed. This data processing is the responsibility of Google.<\/span><\/p><p class=\"p2\"><span style=\"color: #000000;\">Further information on data processing by Google can be found in the privacy policy of<\/span><\/p><p class=\"p2\"><span style=\"color: #000000;\">Google: https:\/\/policies\\.google\\.com\/privacy<\/span><\/p><p class=\"p2\"><span style=\"color: #000000;\">6. external booking link (Localina)<\/span><\/p><p class=\"p2\"><span style=\"color: #000000;\">Our website contains a link to an external booking platform of Localina.<\/span><\/p><p class=\"p2\"><span style=\"color: #000000;\">If you click on this link, you will be redirected to the Localina website. The data collected there<\/span><\/p><p class=\"p2\"><span style=\"color: #000000;\">The processing of personal data is the sole responsibility of Localina in accordance with<\/span><\/p><p class=\"p2\"><span style=\"color: #000000;\">their own privacy policy. We have no influence on and no access to the data stored on the<\/span><\/p><p class=\"p2\"><span style=\"color: #000000;\">Localina platform processed data.<\/span><\/p><p class=\"p2\"><span style=\"color: #000000;\">7. contact requests<\/span><\/p><p class=\"p2\"><span style=\"color: #000000;\">If you contact us by e-mail or via a contact form (if available), the data provided by<\/span><\/p><p class=\"p2\"><span style=\"color: #000000;\">information provided by you exclusively for processing your enquiry and for contacting you.<\/span><\/p><p class=\"p2\"><span style=\"color: #000000;\">used. It will not be passed on to third parties unless there is a legal obligation to do so.<\/span><\/p><p class=\"p2\"><span style=\"color: #000000;\">8. storage period<\/span><\/p><p class=\"p2\"><span style=\"color: #000000;\">Personal data is only stored for as long as is necessary for the stated purposes<\/span><\/p><p class=\"p2\"><span style=\"color: #000000;\">or statutory retention obligations exist. The data will then be deleted or anonymised.<\/span><\/p><p class=\"p2\"><span style=\"color: #000000;\">9. data transmission abroad<\/span><\/p><p class=\"p2\"><span style=\"color: #000000;\">If personal data is transferred to recipients outside Switzerland, this is done<\/span><\/p><p class=\"p2\"><span style=\"color: #000000;\">exclusively in compliance with the applicable data protection regulations and with suitable<\/span><\/p><p class=\"p2\"><span style=\"color: #000000;\">Guarantees.10 Rights of the data subjects<\/span><\/p><p class=\"p2\"><span style=\"color: #000000;\">In particular, you have the right under applicable Swiss data protection law:<\/span><\/p><p class=\"p2\"><span style=\"color: #000000;\">- to request information about the processing of your personal data<\/span><\/p><p class=\"p2\"><span style=\"color: #000000;\">- to request the rectification of inaccurate personal data<\/span><\/p><p class=\"p2\"><span style=\"color: #000000;\">- to request the erasure of personal data to the extent permitted by law<\/span><\/p><p class=\"p2\"><span style=\"color: #000000;\">- to demand the surrender or transfer of your data<\/span><\/p><p class=\"p2\"><span style=\"color: #000000;\">To exercise your rights, you can contact us using the contact details provided in section 1.<\/span><\/p><p class=\"p2\"><span style=\"color: #000000;\">11. changes to this privacy policy<\/span><\/p><p class=\"p2\"><span style=\"color: #000000;\">We reserve the right to amend this privacy policy at any time, in particular in the event of legal or regulatory changes.<\/span><\/p><p class=\"p2\"><span style=\"color: #000000;\">technical changes. The version published on this website applies in each case.<\/span><\/p><p class=\"p2\"><span style=\"color: #000000;\">If you have any questions about data protection or this privacy policy, you can contact us at any time via the above<\/span><\/p><p class=\"p2\"><span style=\"color: #000000;\">contact details provided.<\/span><\/p>\t\t\t\t\t\t\t\t<\/div>\n\t\t\t\t<\/div>\n\t\t\t\t\t<\/div>\n\t\t\t\t<\/div>\n\t\t\t\t<\/div>","protected":false},"excerpt":{"rendered":"<p>Datenschutzerkl\u00e4rung Stand: Februar 2026 Diese Datenschutzerkl\u00e4rung informiert Sie dar\u00fcber, wie wir personenbezogene Daten erheben, verwenden und sch\u00fctzen, wenn Sie unsere Website besuchen. Wir verarbeiten personenbezogene Daten gem\u00e4ss dem Schweizerischen Bundesgesetz \u00fcber den Datenschutz (DSG\/FADP), in Kraft seit dem 1. September 2023. 1. Verantwortlicher Verantwortlich f\u00fcr die Datenbearbeitung auf dieser Website ist: Saltor AG c\/o \u2013 [&hellip;]<\/p>\n","protected":false},"author":2,"featured_media":0,"parent":621,"menu_order":0,"comment_status":"closed","ping_status":"closed","template":"","meta":{"site-sidebar-layout":"no-sidebar","site-content-layout":"page-builder","ast-site-content-layout":"full-width-container","site-content-style":"default","site-sidebar-style":"default","ast-global-header-display":"","ast-banner-title-visibility":"","ast-main-header-display":"","ast-hfb-above-header-display":"","ast-hfb-below-header-display":"","ast-hfb-mobile-header-display":"","site-post-title":"disabled","ast-breadcrumbs-content":"","ast-featured-img":"disabled","footer-sml-layout":"","ast-disable-related-posts":"","theme-transparent-header-meta":"","adv-header-id-meta":"","stick-header-meta":"","header-above-stick-meta":"","header-main-stick-meta":"","header-below-stick-meta":"","astra-migrate-meta-layouts":"set","ast-page-background-enabled":"default","ast-page-background-meta":{"desktop":{"background-color":"","background-image":"","background-repeat":"repeat","background-position":"center center","background-size":"auto","background-attachment":"scroll","background-type":"","background-media":"","overlay-type":"","overlay-color":"","overlay-opacity":"","overlay-gradient":""},"tablet":{"background-color":"","background-image":"","background-repeat":"repeat","background-position":"center center","background-size":"auto","background-attachment":"scroll","background-type":"","background-media":"","overlay-type":"","overlay-color":"","overlay-opacity":"","overlay-gradient":""},"mobile":{"background-color":"","background-image":"","background-repeat":"repeat","background-position":"center center","background-size":"auto","background-attachment":"scroll","background-type":"","background-media":"","overlay-type":"","overlay-color":"","overlay-opacity":"","overlay-gradient":""}},"ast-content-background-meta":{"desktop":{"background-color":"var(--ast-global-color-5)","background-image":"","background-repeat":"repeat","background-position":"center center","background-size":"auto","background-attachment":"scroll","background-type":"","background-media":"","overlay-type":"","overlay-color":"","overlay-opacity":"","overlay-gradient":""},"tablet":{"background-color":"var(--ast-global-color-5)","background-image":"","background-repeat":"repeat","background-position":"center center","background-size":"auto","background-attachment":"scroll","background-type":"","background-media":"","overlay-type":"","overlay-color":"","overlay-opacity":"","overlay-gradient":""},"mobile":{"background-color":"var(--ast-global-color-5)","background-image":"","background-repeat":"repeat","background-position":"center center","background-size":"auto","background-attachment":"scroll","background-type":"","background-media":"","overlay-type":"","overlay-color":"","overlay-opacity":"","overlay-gradient":""}},"footnotes":""},"class_list":["post-750","page","type-page","status-publish","hentry"],"_links":{"self":[{"href":"https:\/\/ristorante-salvatore.ch\/en\/wp-json\/wp\/v2\/pages\/750","targetHints":{"allow":["GET"]}}],"collection":[{"href":"https:\/\/ristorante-salvatore.ch\/en\/wp-json\/wp\/v2\/pages"}],"about":[{"href":"https:\/\/ristorante-salvatore.ch\/en\/wp-json\/wp\/v2\/types\/page"}],"author":[{"embeddable":true,"href":"https:\/\/ristorante-salvatore.ch\/en\/wp-json\/wp\/v2\/users\/2"}],"replies":[{"embeddable":true,"href":"https:\/\/ristorante-salvatore.ch\/en\/wp-json\/wp\/v2\/comments?post=750"}],"version-history":[{"count":7,"href":"https:\/\/ristorante-salvatore.ch\/en\/wp-json\/wp\/v2\/pages\/750\/revisions"}],"predecessor-version":[{"id":783,"href":"https:\/\/ristorante-salvatore.ch\/en\/wp-json\/wp\/v2\/pages\/750\/revisions\/783"}],"up":[{"embeddable":true,"href":"https:\/\/ristorante-salvatore.ch\/en\/wp-json\/wp\/v2\/pages\/621"}],"wp:attachment":[{"href":"https:\/\/ristorante-salvatore.ch\/en\/wp-json\/wp\/v2\/media?parent=750"}],"curies":[{"name":"wp","href":"https:\/\/api.w.org\/{rel}","templated":true}]}}