{"id":621,"date":"2026-01-30T03:14:14","date_gmt":"2026-01-30T03:14:14","guid":{"rendered":"https:\/\/ristorante-salvatore.ch\/?page_id=621"},"modified":"2026-04-12T22:48:59","modified_gmt":"2026-04-12T22:48:59","slug":"homepage-ristorante-salvatore","status":"publish","type":"page","link":"https:\/\/ristorante-salvatore.ch\/it\/","title":{"rendered":"Ristorante Salvatore"},"content":{"rendered":"<div data-elementor-type=\"wp-page\" data-elementor-id=\"621\" class=\"elementor elementor-621\">\n\t\t\t\t<div class=\"elementor-element elementor-element-4f33382 e-flex e-con-boxed e-con e-parent\" data-id=\"4f33382\" data-element_type=\"container\" data-settings=\"{&quot;background_background&quot;:&quot;classic&quot;}\">\n\t\t\t\t\t<div class=\"e-con-inner\">\n\t\t\t\t<div class=\"elementor-element elementor-element-4308002 elementor-widget elementor-widget-spacer\" data-id=\"4308002\" data-element_type=\"widget\" data-widget_type=\"spacer.default\">\n\t\t\t\t<div class=\"elementor-widget-container\">\n\t\t\t\t\t\t\t<div class=\"elementor-spacer\">\n\t\t\t<div class=\"elementor-spacer-inner\"><\/div>\n\t\t<\/div>\n\t\t\t\t\t\t<\/div>\n\t\t\t\t<\/div>\n\t\t\t\t<div class=\"elementor-element elementor-element-c9345ed elementor-widget elementor-widget-image\" data-id=\"c9345ed\" data-element_type=\"widget\" data-widget_type=\"image.default\">\n\t\t\t\t<div class=\"elementor-widget-container\">\n\t\t\t\t\t\t\t\t\t\t\t\t\t\t\t<img fetchpriority=\"high\" decoding=\"async\" width=\"1000\" height=\"1000\" src=\"https:\/\/ristorante-salvatore.ch\/wp-content\/uploads\/2026\/01\/website-logo.png\" class=\"attachment-full size-full wp-image-654\" alt=\"website logo\" srcset=\"https:\/\/ristorante-salvatore.ch\/wp-content\/uploads\/2026\/01\/website-logo.png 1000w, https:\/\/ristorante-salvatore.ch\/wp-content\/uploads\/2026\/01\/website-logo-300x300.png 300w, https:\/\/ristorante-salvatore.ch\/wp-content\/uploads\/2026\/01\/website-logo-150x150.png 150w, https:\/\/ristorante-salvatore.ch\/wp-content\/uploads\/2026\/01\/website-logo-768x768.png 768w\" sizes=\"(max-width: 1000px) 100vw, 1000px\" title=\"Ristorante Salvatore\">\t\t\t\t\t\t\t\t\t\t\t\t\t\t\t<\/div>\n\t\t\t\t<\/div>\n\t\t\t\t<div class=\"elementor-element elementor-element-fddfcd0 elementor-align-center elementor-widget elementor-widget-button\" data-id=\"fddfcd0\" data-element_type=\"widget\" data-widget_type=\"button.default\">\n\t\t\t\t<div class=\"elementor-widget-container\">\n\t\t\t\t\t\t\t\t\t<div class=\"elementor-button-wrapper\">\n\t\t\t\t\t<a class=\"elementor-button elementor-button-link elementor-size-sm\" href=\"https:\/\/www.mylocalina.ch\/widget\/?id=60c519c6-a895-45d3-8a80-d63ee55acd82\">\n\t\t\t\t\t\t<span class=\"elementor-button-content-wrapper\">\n\t\t\t\t\t\t\t\t\t<span class=\"elementor-button-text\">Prenota<\/span>\n\t\t\t\t\t<\/span>\n\t\t\t\t\t<\/a>\n\t\t\t\t<\/div>\n\t\t\t\t\t\t\t\t<\/div>\n\t\t\t\t<\/div>\n\t\t\t\t\t<\/div>\n\t\t\t\t<\/div>\n\t\t<div class=\"elementor-element elementor-element-716dd32 e-flex e-con-boxed e-con e-parent\" data-id=\"716dd32\" data-element_type=\"container\" data-settings=\"{&quot;background_background&quot;:&quot;classic&quot;}\">\n\t\t\t\t\t<div class=\"e-con-inner\">\n\t\t\t\t<div class=\"elementor-element elementor-element-2022891 elementor-widget elementor-widget-menu-anchor\" data-id=\"2022891\" data-element_type=\"widget\" data-widget_type=\"menu-anchor.default\">\n\t\t\t\t<div class=\"elementor-widget-container\">\n\t\t\t\t\t\t\t<div class=\"elementor-menu-anchor\" id=\"menu\"><\/div>\n\t\t\t\t\t\t<\/div>\n\t\t\t\t<\/div>\n\t\t\t\t<div class=\"elementor-element elementor-element-db15a31 elementor-widget elementor-widget-heading\" data-id=\"db15a31\" data-element_type=\"widget\" data-widget_type=\"heading.default\">\n\t\t\t\t<div class=\"elementor-widget-container\">\n\t\t\t\t\t<h2 class=\"elementor-heading-title elementor-size-default\">Menu<\/h2>\t\t\t\t<\/div>\n\t\t\t\t<\/div>\n\t\t\t\t<div class=\"elementor-element elementor-element-053d821 elementor-widget elementor-widget-heading\" data-id=\"053d821\" data-element_type=\"widget\" data-widget_type=\"heading.default\">\n\t\t\t\t<div class=\"elementor-widget-container\">\n\t\t\t\t\t<h3 class=\"elementor-heading-title elementor-size-default\"><a href=\"https:\/\/ristorante-salvatore.ch\/wp-content\/uploads\/2026\/03\/menu.pdf\">Menu<\/a><\/h3>\t\t\t\t<\/div>\n\t\t\t\t<\/div>\n\t\t\t\t<div class=\"elementor-element elementor-element-2a9203d elementor-widget elementor-widget-heading\" data-id=\"2a9203d\" data-element_type=\"widget\" data-widget_type=\"heading.default\">\n\t\t\t\t<div class=\"elementor-widget-container\">\n\t\t\t\t\t<h3 class=\"elementor-heading-title elementor-size-default\"><a href=\"https:\/\/ristorante-salvatore.ch\/wp-content\/uploads\/2026\/03\/menu-dessert.pdf\">Menu Dolci<\/a><\/h3>\t\t\t\t<\/div>\n\t\t\t\t<\/div>\n\t\t\t\t<div class=\"elementor-element elementor-element-abb92b4 elementor-widget elementor-widget-heading\" data-id=\"abb92b4\" data-element_type=\"widget\" data-widget_type=\"heading.default\">\n\t\t\t\t<div class=\"elementor-widget-container\">\n\t\t\t\t\t<h3 class=\"elementor-heading-title elementor-size-default\"><a href=\"https:\/\/ristorante-salvatore.ch\/wp-content\/uploads\/2026\/02\/carta-vini.pdf\">Carta Vini<\/a><\/h3>\t\t\t\t<\/div>\n\t\t\t\t<\/div>\n\t\t\t\t<div class=\"elementor-element elementor-element-f539b05 elementor-arrows-position-inside elementor-pagination-position-outside elementor-widget elementor-widget-image-carousel\" data-id=\"f539b05\" data-element_type=\"widget\" data-settings=\"{&quot;slides_to_show&quot;:&quot;5&quot;,&quot;image_spacing_custom&quot;:{&quot;unit&quot;:&quot;px&quot;,&quot;size&quot;:10,&quot;sizes&quot;:[]},&quot;image_spacing_custom_tablet&quot;:{&quot;unit&quot;:&quot;px&quot;,&quot;size&quot;:10,&quot;sizes&quot;:[]},&quot;image_spacing_custom_mobile&quot;:{&quot;unit&quot;:&quot;px&quot;,&quot;size&quot;:10,&quot;sizes&quot;:[]},&quot;navigation&quot;:&quot;both&quot;,&quot;autoplay&quot;:&quot;yes&quot;,&quot;pause_on_hover&quot;:&quot;yes&quot;,&quot;pause_on_interaction&quot;:&quot;yes&quot;,&quot;autoplay_speed&quot;:5000,&quot;infinite&quot;:&quot;yes&quot;,&quot;speed&quot;:500}\" data-widget_type=\"image-carousel.default\">\n\t\t\t\t<div class=\"elementor-widget-container\">\n\t\t\t\t\t\t\t<div class=\"elementor-image-carousel-wrapper swiper\" role=\"region\" aria-roledescription=\"carousel\" aria-label=\"Carosello di immagini\" dir=\"ltr\">\n\t\t\t<div class=\"elementor-image-carousel swiper-wrapper\" aria-live=\"off\">\n\t\t\t\t\t\t\t\t<div class=\"swiper-slide\" role=\"group\" aria-roledescription=\"slide\" aria-label=\"1 da 6\"><figure class=\"swiper-slide-inner\"><img decoding=\"async\" class=\"swiper-slide-image\" src=\"https:\/\/ristorante-salvatore.ch\/wp-content\/uploads\/2026\/03\/tablesetting-tartare-breadbasket-768x1152.jpeg\" alt=\"tablesetting tartare breadbasket\" title=\"Ristorante Salvatore\"><\/figure><\/div><div class=\"swiper-slide\" role=\"group\" aria-roledescription=\"slide\" aria-label=\"2 da 6\"><figure class=\"swiper-slide-inner\"><img decoding=\"async\" class=\"swiper-slide-image\" src=\"https:\/\/ristorante-salvatore.ch\/wp-content\/uploads\/2026\/03\/rossini-servizio-salsa-calda-768x1152.jpeg\" alt=\"rossini servizio salsa calda\" title=\"Ristorante Salvatore\"><\/figure><\/div><div class=\"swiper-slide\" role=\"group\" aria-roledescription=\"slide\" aria-label=\"3 da 6\"><figure class=\"swiper-slide-inner\"><img decoding=\"async\" class=\"swiper-slide-image\" src=\"https:\/\/ristorante-salvatore.ch\/wp-content\/uploads\/2026\/03\/rombo-servizio-1-768x1152.jpeg\" alt=\"rombo servizio 1\" title=\"Ristorante Salvatore\"><\/figure><\/div><div class=\"swiper-slide\" role=\"group\" aria-roledescription=\"slide\" aria-label=\"4 da 6\"><figure class=\"swiper-slide-inner\"><img decoding=\"async\" class=\"swiper-slide-image\" src=\"https:\/\/ristorante-salvatore.ch\/wp-content\/uploads\/2026\/03\/carpaccio-barbabietola-flatlay-768x1152.jpeg\" alt=\"carpaccio barbabietola flatlay\" title=\"Ristorante Salvatore\"><\/figure><\/div><div class=\"swiper-slide\" role=\"group\" aria-roledescription=\"slide\" aria-label=\"5 da 6\"><figure class=\"swiper-slide-inner\"><img decoding=\"async\" class=\"swiper-slide-image\" src=\"https:\/\/ristorante-salvatore.ch\/wp-content\/uploads\/2026\/03\/flatlay-multiple-plates-768x1152.jpeg\" alt=\"flatlay multiple plates\" title=\"Ristorante Salvatore\"><\/figure><\/div><div class=\"swiper-slide\" role=\"group\" aria-roledescription=\"slide\" aria-label=\"6 da 6\"><figure class=\"swiper-slide-inner\"><img decoding=\"async\" class=\"swiper-slide-image\" src=\"https:\/\/ristorante-salvatore.ch\/wp-content\/uploads\/2026\/03\/ossobuco-portrait-768x1152.jpeg\" alt=\"ossobuco portrait\" title=\"Ristorante Salvatore\"><\/figure><\/div>\t\t\t<\/div>\n\t\t\t\t\t\t\t\t\t\t\t\t<div class=\"elementor-swiper-button elementor-swiper-button-prev\" role=\"button\" tabindex=\"0\">\n\t\t\t\t\t\t<i aria-hidden=\"true\" class=\"eicon-chevron-left\"><\/i>\t\t\t\t\t<\/div>\n\t\t\t\t\t<div class=\"elementor-swiper-button elementor-swiper-button-next\" role=\"button\" tabindex=\"0\">\n\t\t\t\t\t\t<i aria-hidden=\"true\" class=\"eicon-chevron-right\"><\/i>\t\t\t\t\t<\/div>\n\t\t\t\t\n\t\t\t\t\t\t\t\t\t<div class=\"swiper-pagination\"><\/div>\n\t\t\t\t\t\t\t\t\t<\/div>\n\t\t\t\t\t\t<\/div>\n\t\t\t\t<\/div>\n\t\t\t\t\t<\/div>\n\t\t\t\t<\/div>\n\t\t<div class=\"elementor-element elementor-element-f9cd9d6 e-flex e-con-boxed e-con e-parent\" data-id=\"f9cd9d6\" data-element_type=\"container\" data-settings=\"{&quot;background_background&quot;:&quot;classic&quot;}\">\n\t\t\t\t\t<div class=\"e-con-inner\">\n\t\t\t\t<div class=\"elementor-element elementor-element-d9077de elementor-widget elementor-widget-menu-anchor\" data-id=\"d9077de\" data-element_type=\"widget\" data-widget_type=\"menu-anchor.default\">\n\t\t\t\t<div class=\"elementor-widget-container\">\n\t\t\t\t\t\t\t<div class=\"elementor-menu-anchor\" id=\"about\"><\/div>\n\t\t\t\t\t\t<\/div>\n\t\t\t\t<\/div>\n\t\t\t\t<div class=\"elementor-element elementor-element-76ec4b8 elementor-position-top elementor-widget elementor-widget-image-box\" data-id=\"76ec4b8\" data-element_type=\"widget\" data-widget_type=\"image-box.default\">\n\t\t\t\t<div class=\"elementor-widget-container\">\n\t\t\t\t\t<div class=\"elementor-image-box-wrapper\"><figure class=\"elementor-image-box-img\"><img decoding=\"async\" width=\"1707\" height=\"2560\" src=\"https:\/\/ristorante-salvatore.ch\/wp-content\/uploads\/2026\/03\/salvatore-portrait-sedia-scaled.jpeg\" class=\"attachment-full size-full wp-image-927\" alt=\"salvatore portrait sedia\" title=\"Ristorante Salvatore\" srcset=\"https:\/\/ristorante-salvatore.ch\/wp-content\/uploads\/2026\/03\/salvatore-portrait-sedia-scaled.jpeg 1707w, https:\/\/ristorante-salvatore.ch\/wp-content\/uploads\/2026\/03\/salvatore-portrait-sedia-200x300.jpeg 200w, https:\/\/ristorante-salvatore.ch\/wp-content\/uploads\/2026\/03\/salvatore-portrait-sedia-683x1024.jpeg 683w, https:\/\/ristorante-salvatore.ch\/wp-content\/uploads\/2026\/03\/salvatore-portrait-sedia-768x1152.jpeg 768w, https:\/\/ristorante-salvatore.ch\/wp-content\/uploads\/2026\/03\/salvatore-portrait-sedia-1024x1536.jpeg 1024w, https:\/\/ristorante-salvatore.ch\/wp-content\/uploads\/2026\/03\/salvatore-portrait-sedia-1366x2048.jpeg 1366w, https:\/\/ristorante-salvatore.ch\/wp-content\/uploads\/2026\/03\/salvatore-portrait-sedia-8x12.jpeg 8w\" sizes=\"(max-width: 1707px) 100vw, 1707px\" \/><\/figure><div class=\"elementor-image-box-content\"><h3 class=\"elementor-image-box-title\">Benvenuti<\/h3><p class=\"elementor-image-box-description\">Benvenuti al Ristorante Salvatore, dove l'ospitalit\u00e0 italiana incontra la tradizione. Dopo oltre tredici anni alla guida di un ristorante nel cuore di Lucerna, Salvatore firma la sua prima casa gastronomica, sintesi della sua esperienza, identit\u00e0 e visione. Qui propone una cucina italiana semplice e classica, basata su materie prime eccellenti e su un'accoglienza autentica, calda e senza tempo. Ogni dettaglio, dalla tavola all'atmosfera, \u00e8 pensato per farvi sentire bene, rilassarvi e prendervi una pausa dalla vita quotidiana. Gestito da un team che incarna la vera ospitalit\u00e0 italiana, questo locale non \u00e8 solo un ristorante, ma un omaggio alla tradizione e al piacere di sentirsi sempre a casa. <\/p><\/div><\/div>\t\t\t\t<\/div>\n\t\t\t\t<\/div>\n\t\t\t\t\t<\/div>\n\t\t\t\t<\/div>\n\t\t<div class=\"elementor-element elementor-element-559c44c e-flex e-con-boxed e-con e-parent\" data-id=\"559c44c\" data-element_type=\"container\" data-settings=\"{&quot;background_background&quot;:&quot;classic&quot;}\">\n\t\t\t\t\t<div class=\"e-con-inner\">\n\t\t\t\t<div class=\"elementor-element elementor-element-7a54c9c elementor-widget elementor-widget-spacer\" data-id=\"7a54c9c\" data-element_type=\"widget\" data-widget_type=\"spacer.default\">\n\t\t\t\t<div class=\"elementor-widget-container\">\n\t\t\t\t\t\t\t<div class=\"elementor-spacer\">\n\t\t\t<div class=\"elementor-spacer-inner\"><\/div>\n\t\t<\/div>\n\t\t\t\t\t\t<\/div>\n\t\t\t\t<\/div>\n\t\t<div class=\"elementor-element elementor-element-06f80b8 e-con-full e-flex e-con e-child\" data-id=\"06f80b8\" data-element_type=\"container\" data-settings=\"{&quot;background_background&quot;:&quot;classic&quot;}\">\n\t\t\t\t<div class=\"elementor-element elementor-element-13c332c elementor-widget elementor-widget-spacer\" data-id=\"13c332c\" data-element_type=\"widget\" data-widget_type=\"spacer.default\">\n\t\t\t\t<div class=\"elementor-widget-container\">\n\t\t\t\t\t\t\t<div class=\"elementor-spacer\">\n\t\t\t<div class=\"elementor-spacer-inner\"><\/div>\n\t\t<\/div>\n\t\t\t\t\t\t<\/div>\n\t\t\t\t<\/div>\n\t\t\t\t<div class=\"elementor-element elementor-element-d38f7ad elementor-widget elementor-widget-heading\" data-id=\"d38f7ad\" data-element_type=\"widget\" data-widget_type=\"heading.default\">\n\t\t\t\t<div class=\"elementor-widget-container\">\n\t\t\t\t\t<h2 class=\"elementor-heading-title elementor-size-default\">Riservazioni<\/h2>\t\t\t\t<\/div>\n\t\t\t\t<\/div>\n\t\t\t\t<div class=\"elementor-element elementor-element-6cdf275 elementor-widget__width-initial elementor-widget elementor-widget-text-editor\" data-id=\"6cdf275\" data-element_type=\"widget\" data-widget_type=\"text-editor.default\">\n\t\t\t\t<div class=\"elementor-widget-container\">\n\t\t\t\t\t\t\t\t\t<div style=\"text-align: center;\">Per prenotare un tavolo, cliccate sul pulsante sottostante o contattateci telefonicamente al numero +41 41 553 74 74 o via e-mail all'indirizzo <a href=\"mailto:reservations@ristorante-salvatore.ch\">reservations@ristorante-salvatore.ch<\/a>.<\/div>\t\t\t\t\t\t\t\t<\/div>\n\t\t\t\t<\/div>\n\t\t\t\t<div class=\"elementor-element elementor-element-e9aecb4 elementor-widget elementor-widget-spacer\" data-id=\"e9aecb4\" data-element_type=\"widget\" data-widget_type=\"spacer.default\">\n\t\t\t\t<div class=\"elementor-widget-container\">\n\t\t\t\t\t\t\t<div class=\"elementor-spacer\">\n\t\t\t<div class=\"elementor-spacer-inner\"><\/div>\n\t\t<\/div>\n\t\t\t\t\t\t<\/div>\n\t\t\t\t<\/div>\n\t\t\t\t<div class=\"elementor-element elementor-element-b933469 elementor-align-center elementor-widget elementor-widget-button\" data-id=\"b933469\" data-element_type=\"widget\" data-widget_type=\"button.default\">\n\t\t\t\t<div class=\"elementor-widget-container\">\n\t\t\t\t\t\t\t\t\t<div class=\"elementor-button-wrapper\">\n\t\t\t\t\t<a class=\"elementor-button elementor-button-link elementor-size-sm\" href=\"https:\/\/www.mylocalina.ch\/widget\/?id=60c519c6-a895-45d3-8a80-d63ee55acd82\">\n\t\t\t\t\t\t<span class=\"elementor-button-content-wrapper\">\n\t\t\t\t\t\t\t\t\t<span class=\"elementor-button-text\">Prenota<\/span>\n\t\t\t\t\t<\/span>\n\t\t\t\t\t<\/a>\n\t\t\t\t<\/div>\n\t\t\t\t\t\t\t\t<\/div>\n\t\t\t\t<\/div>\n\t\t\t\t<\/div>\n\t\t\t\t\t<\/div>\n\t\t\t\t<\/div>\n\t\t<div class=\"elementor-element elementor-element-e3d26ff e-flex e-con-boxed e-con e-parent\" data-id=\"e3d26ff\" data-element_type=\"container\">\n\t\t\t\t\t<div class=\"e-con-inner\">\n\t\t\t\t<div class=\"elementor-element elementor-element-8326664 elementor-widget elementor-widget-heading\" data-id=\"8326664\" data-element_type=\"widget\" data-widget_type=\"heading.default\">\n\t\t\t\t<div class=\"elementor-widget-container\">\n\t\t\t\t\t<h2 class=\"elementor-heading-title elementor-size-default\"><div style=\"text-align: start\"><span style=\"font-style: inherit\">Orari di Apertura<\/span><span style=\"font-style: inherit;text-align: center\"><\/span><\/div><\/h2>\t\t\t\t<\/div>\n\t\t\t\t<\/div>\n\t\t\t\t<div class=\"elementor-element elementor-element-f4dd17c elementor-widget elementor-widget-text-editor\" data-id=\"f4dd17c\" data-element_type=\"widget\" data-widget_type=\"text-editor.default\">\n\t\t\t\t<div class=\"elementor-widget-container\">\n\t\t\t\t\t\t\t\t\t<div style=\"text-align: center;\"><div><strong>Luned\u00ec, Mercoled\u00ec e Venerd\u00ec<\/strong><\/div><div>Dalle 11:30 alle 14:30 | Ultimo ordine 13:45<\/div><p>Dalle 18:00 alle 23:00 | Ultimo ordine 21:15<\/p><p><em>Mercoled\u00ec 22 aprile Chiuso.<\/em><\/p><p><strong>Sabato<\/strong><br \/>Dalle 11:30 alle 23:00 | Dalle 14:00 alle 18:00 Menu ridotto | Ultimo ordine 21:30<\/p><p><strong>Domenica e festivi<\/strong><br \/>Dalle 12:00 alle 21:00 | Dalle 14:30 alle 18:00 Menu ridotto | Ultimo ordine ore 20:00<\/p><p><strong>Marted\u00ec<\/strong><br \/>Chiuso. <em>Apertura straordinaria il 21 aprile.<\/em><\/p><\/div>\t\t\t\t\t\t\t\t<\/div>\n\t\t\t\t<\/div>\n\t\t\t\t<div class=\"elementor-element elementor-element-e62ee66 elementor-widget elementor-widget-menu-anchor\" data-id=\"e62ee66\" data-element_type=\"widget\" data-widget_type=\"menu-anchor.default\">\n\t\t\t\t<div class=\"elementor-widget-container\">\n\t\t\t\t\t\t\t<div class=\"elementor-menu-anchor\" id=\"contact\"><\/div>\n\t\t\t\t\t\t<\/div>\n\t\t\t\t<\/div>\n\t\t\t\t<div class=\"elementor-element elementor-element-84a98e4 elementor-widget elementor-widget-heading\" data-id=\"84a98e4\" data-element_type=\"widget\" data-widget_type=\"heading.default\">\n\t\t\t\t<div class=\"elementor-widget-container\">\n\t\t\t\t\t<h2 class=\"elementor-heading-title elementor-size-default\"><div style=\"text-align: start\"><span style=\"font-style: inherit\">Contatti<\/span><span style=\"font-style: inherit;text-align: center\"><\/span><\/div><\/h2>\t\t\t\t<\/div>\n\t\t\t\t<\/div>\n\t\t\t\t<div class=\"elementor-element elementor-element-5f94d5f elementor-widget elementor-widget-text-editor\" data-id=\"5f94d5f\" data-element_type=\"widget\" data-widget_type=\"text-editor.default\">\n\t\t\t\t<div class=\"elementor-widget-container\">\n\t\t\t\t\t\t\t\t\t<p style=\"text-align: center;\"><strong>E-mail: <\/strong><a href=\"mailto:reservations@ristorante-salvatore.ch\">reservations@ristorante-salvatore.ch<\/a><\/p><p style=\"text-align: center;\"><strong>Telefono: <\/strong>+41 41 553 74 74<\/p><p style=\"text-align: center;\"><strong>Indirizzo: <\/strong>Haldenstrasse 4, 6006 Lucerna<\/p>\t\t\t\t\t\t\t\t<\/div>\n\t\t\t\t<\/div>\n\t\t\t\t\t<\/div>\n\t\t\t\t<\/div>\n\t\t<div class=\"elementor-element elementor-element-c03e631 e-flex e-con-boxed e-con e-parent\" data-id=\"c03e631\" data-element_type=\"container\">\n\t\t\t\t\t<div class=\"e-con-inner\">\n\t\t\t\t<div class=\"elementor-element elementor-element-6eb662f elementor-widget elementor-widget-google_maps\" data-id=\"6eb662f\" data-element_type=\"widget\" data-widget_type=\"google_maps.default\">\n\t\t\t\t<div class=\"elementor-widget-container\">\n\t\t\t\t\t\t\t<div class=\"elementor-custom-embed\">\n\t\t\t<iframe loading=\"lazy\"\n\t\t\t\t\tsrc=\"https:\/\/maps.google.com\/maps?q=Ristorante%20Salvatore%2C%20Haldenstrasse%204%2C%206006%20Luzern&#038;t=m&#038;z=15&#038;output=embed&#038;iwloc=near\"\n\t\t\t\t\ttitle=\"Ristorante Salvatore, Haldenstrasse 4, 6006 Lucerna\"\n\t\t\t\t\taria-label=\"Ristorante Salvatore, Haldenstrasse 4, 6006 Lucerna\"\n\t\t\t><\/iframe>\n\t\t<\/div>\n\t\t\t\t\t\t<\/div>\n\t\t\t\t<\/div>\n\t\t\t\t\t<\/div>\n\t\t\t\t<\/div>\n\t\t\t\t<\/div>","protected":false},"excerpt":{"rendered":"<p>Reservation Men\u00fc Speisekarte Dessertkarte Weinkarte Willkommen Willkommen in Salvatore&#8217;s Restaurant, wo italienische Gastfreundschaft auf Tradition trifft. Nach mehr als dreizehn Jahren an der Spitze eines Restaurants im Herzen von Luzern unterzeichnet Salvatore nun sein erstes gastronomisches Zuhause, eine Synthese aus seiner Erfahrung, Identit\u00e4t und Vision. Hier bietet er eine einfache, klassische italienische K\u00fcche an, die [&hellip;]<\/p>\n","protected":false},"author":2,"featured_media":0,"parent":0,"menu_order":0,"comment_status":"closed","ping_status":"closed","template":"","meta":{"site-sidebar-layout":"no-sidebar","site-content-layout":"page-builder","ast-site-content-layout":"full-width-container","site-content-style":"default","site-sidebar-style":"default","ast-global-header-display":"","ast-banner-title-visibility":"","ast-main-header-display":"","ast-hfb-above-header-display":"","ast-hfb-below-header-display":"","ast-hfb-mobile-header-display":"","site-post-title":"disabled","ast-breadcrumbs-content":"","ast-featured-img":"disabled","footer-sml-layout":"","ast-disable-related-posts":"","theme-transparent-header-meta":"","adv-header-id-meta":"","stick-header-meta":"","header-above-stick-meta":"","header-main-stick-meta":"","header-below-stick-meta":"","astra-migrate-meta-layouts":"default","ast-page-background-enabled":"default","ast-page-background-meta":{"desktop":{"background-color":"","background-image":"","background-repeat":"repeat","background-position":"center center","background-size":"auto","background-attachment":"scroll","background-type":"","background-media":"","overlay-type":"","overlay-color":"","overlay-opacity":"","overlay-gradient":""},"tablet":{"background-color":"","background-image":"","background-repeat":"repeat","background-position":"center center","background-size":"auto","background-attachment":"scroll","background-type":"","background-media":"","overlay-type":"","overlay-color":"","overlay-opacity":"","overlay-gradient":""},"mobile":{"background-color":"","background-image":"","background-repeat":"repeat","background-position":"center center","background-size":"auto","background-attachment":"scroll","background-type":"","background-media":"","overlay-type":"","overlay-color":"","overlay-opacity":"","overlay-gradient":""}},"ast-content-background-meta":{"desktop":{"background-color":"var(--ast-global-color-5)","background-image":"","background-repeat":"repeat","background-position":"center center","background-size":"auto","background-attachment":"scroll","background-type":"","background-media":"","overlay-type":"","overlay-color":"","overlay-opacity":"","overlay-gradient":""},"tablet":{"background-color":"var(--ast-global-color-5)","background-image":"","background-repeat":"repeat","background-position":"center center","background-size":"auto","background-attachment":"scroll","background-type":"","background-media":"","overlay-type":"","overlay-color":"","overlay-opacity":"","overlay-gradient":""},"mobile":{"background-color":"var(--ast-global-color-5)","background-image":"","background-repeat":"repeat","background-position":"center center","background-size":"auto","background-attachment":"scroll","background-type":"","background-media":"","overlay-type":"","overlay-color":"","overlay-opacity":"","overlay-gradient":""}},"footnotes":""},"class_list":["post-621","page","type-page","status-publish","hentry"],"_links":{"self":[{"href":"https:\/\/ristorante-salvatore.ch\/it\/wp-json\/wp\/v2\/pages\/621","targetHints":{"allow":["GET"]}}],"collection":[{"href":"https:\/\/ristorante-salvatore.ch\/it\/wp-json\/wp\/v2\/pages"}],"about":[{"href":"https:\/\/ristorante-salvatore.ch\/it\/wp-json\/wp\/v2\/types\/page"}],"author":[{"embeddable":true,"href":"https:\/\/ristorante-salvatore.ch\/it\/wp-json\/wp\/v2\/users\/2"}],"replies":[{"embeddable":true,"href":"https:\/\/ristorante-salvatore.ch\/it\/wp-json\/wp\/v2\/comments?post=621"}],"version-history":[{"count":242,"href":"https:\/\/ristorante-salvatore.ch\/it\/wp-json\/wp\/v2\/pages\/621\/revisions"}],"predecessor-version":[{"id":1037,"href":"https:\/\/ristorante-salvatore.ch\/it\/wp-json\/wp\/v2\/pages\/621\/revisions\/1037"}],"wp:attachment":[{"href":"https:\/\/ristorante-salvatore.ch\/it\/wp-json\/wp\/v2\/media?parent=621"}],"curies":[{"name":"wp","href":"https:\/\/api.w.org\/{rel}","templated":true}]}}