{"id":750,"date":"2026-02-22T14:04:43","date_gmt":"2026-02-22T14:04:43","guid":{"rendered":"https:\/\/ristorante-salvatore.ch\/?page_id=750"},"modified":"2026-02-22T16:42:34","modified_gmt":"2026-02-22T16:42:34","slug":"privacy-policy","status":"publish","type":"page","link":"https:\/\/ristorante-salvatore.ch\/it\/homepage-ristorante-salvatore\/privacy-policy\/","title":{"rendered":"Informativa sulla privacy"},"content":{"rendered":"<div data-elementor-type=\"wp-page\" data-elementor-id=\"750\" class=\"elementor elementor-750\">\n\t\t\t\t<div class=\"elementor-element elementor-element-8ccf7b5 e-flex e-con-boxed e-con e-parent\" data-id=\"8ccf7b5\" data-element_type=\"container\" data-settings=\"{&quot;background_background&quot;:&quot;classic&quot;}\">\n\t\t\t\t\t<div class=\"e-con-inner\">\n\t\t\t\t<div class=\"elementor-element elementor-element-1fd90e8 elementor-widget elementor-widget-text-editor\" data-id=\"1fd90e8\" data-element_type=\"widget\" data-widget_type=\"text-editor.default\">\n\t\t\t\t<div class=\"elementor-widget-container\">\n\t\t\t\t\t\t\t\t\t<p class=\"p1\"><span style=\"color: #000000;\">Informativa sulla privacy<\/span><\/p><p class=\"p2\"><span style=\"color: #000000;\">Stato: febbraio 2026<\/span><\/p><p class=\"p2\"><span style=\"color: #000000;\">La presente informativa sulla privacy informa sulle modalit\u00e0 di raccolta e utilizzo dei dati personali da parte nostra<\/span><\/p><p class=\"p2\"><span style=\"color: #000000;\">e di proteggerli quando visitate il nostro sito web. Trattiamo i dati personali in conformit\u00e0 alla<\/span><\/p><p class=\"p2\"><span style=\"color: #000000;\">Legge federale sulla protezione dei dati (FADP), in vigore dal 1\u00b0 settembre 2023.<\/span><\/p><p class=\"p2\"><span style=\"color: #000000;\">1. persona responsabile<\/span><\/p><p class=\"p2\"><span style=\"color: #000000;\">Responsabile del trattamento dei dati su questo sito \u00e8<\/span><\/p><p class=\"p2\"><span style=\"color: #000000;\">Saltor AG<\/span><\/p><p class=\"p2\"><span style=\"color: #000000;\">c\/o - Schenkel &amp; Serrago AG<\/span><\/p><p class=\"p2\"><span style=\"color: #000000;\">Hirschmattstrasse 62<\/span><\/p><p class=\"p2\"><span style=\"color: #000000;\">6003 Lucerna<\/span><\/p><p class=\"p2\"><span style=\"color: #000000;\">E-mail: info@saltor.ch<\/span><\/p><p class=\"p2\"><span style=\"color: #000000;\">2. informazioni generali sul trattamento dei dati<\/span><\/p><p class=\"p2\"><span style=\"color: #000000;\">Trattiamo i dati personali solo nella misura in cui ci\u00f2 \u00e8 necessario per fornire un servizio funzionale<\/span><\/p><p class=\"p2\"><span style=\"color: #000000;\">sito web, per fornire i nostri servizi e per rispondere alle richieste di informazioni. Dati personali<\/span><\/p><p class=\"p2\"><span style=\"color: #000000;\">Per dati si intende qualsiasi informazione relativa a una persona fisica identificata o identificabile.<\/span><\/p><p class=\"p2\"><span style=\"color: #000000;\">Il nostro sito web viene gestito utilizzando misure di sicurezza tecniche e organizzative adeguate.<\/span><\/p><p class=\"p2\"><span style=\"color: #000000;\">operato.<\/span><\/p><p class=\"p2\"><span style=\"color: #000000;\">3. accesso al sito web e ai file di log del server<\/span><\/p><p class=\"p2\"><span style=\"color: #000000;\">Quando visitate il nostro sito web, il nostro provider di hosting raccoglie e memorizza automaticamente i dati tecnici.<\/span><\/p><p class=\"p2\"><span style=\"color: #000000;\">Informazioni contenute nei cosiddetti file di log del server. Ci\u00f2 pu\u00f2 includere in particolare<\/span><\/p><p class=\"p2\"><span style=\"color: #000000;\">- Indirizzo IP<\/span><\/p><p class=\"p2\"><span style=\"color: #000000;\">- Data e ora dell'accesso<\/span><\/p><p class=\"p2\"><span style=\"color: #000000;\">- Tipo e versione del browser<\/span><\/p><p class=\"p2\"><span style=\"color: #000000;\">- Sistema operativo<\/span><\/p><p class=\"p2\"><span style=\"color: #000000;\">- URL di riferimento<\/span><\/p><p class=\"p2\"><span style=\"color: #000000;\">Questi dati vengono utilizzati per garantire la stabilit\u00e0, la sicurezza e la funzionalit\u00e0 del sito web.<\/span><\/p><p class=\"p2\"><span style=\"color: #000000;\">elaborati. Questi dati non vengono uniti ad altre fonti di dati. I dati<\/span><\/p><p class=\"p2\"><span style=\"color: #000000;\">saranno cancellati in conformit\u00e0 con i periodi di conservazione del provider di hosting.<\/span><\/p><p class=\"p2\"><span style=\"color: #000000;\">4. biscotti<\/span><\/p><p class=\"p2\"><span style=\"color: #000000;\">Il nostro sito web utilizza i cookie. I cookie sono piccoli file di testo che vengono memorizzati sul vostro dispositivo finale.<\/span><\/p><p class=\"p2\"><span style=\"color: #000000;\">e supportano la funzionalit\u00e0 tecnica del sito.4.1 Cookie tecnicamente necessari<\/span><\/p><p class=\"p2\"><span style=\"color: #000000;\">Utilizziamo cookie tecnicamente necessari che sono richiesti per il funzionamento del sito web (ad es.<\/span><\/p><p class=\"p2\"><span style=\"color: #000000;\">cookie di sessione). Questi cookie sono necessari per fornire le funzioni di base del sito web,<\/span><\/p><p class=\"p2\"><span style=\"color: #000000;\">e non richiedono il consenso.<\/span><\/p><p class=\"p2\"><span style=\"color: #000000;\">4.2 Cookie di fornitori terzi<\/span><\/p><p class=\"p2\"><span style=\"color: #000000;\">Se sul nostro sito web vengono utilizzati servizi di terze parti (vedi sezione 5), i cookie possono essere<\/span><\/p><p class=\"p2\"><span style=\"color: #000000;\">di questi fornitori. Questi cookie vengono utilizzati per fornire i rispettivi servizi.<\/span><\/p><p class=\"p2\"><span style=\"color: #000000;\">5. google maps<\/span><\/p><p class=\"p2\"><span style=\"color: #000000;\">Il nostro sito web utilizza Google Maps, un servizio di mappe fornito da Google LLC, 1600 Amphitheatre Parkway,<\/span><\/p><p class=\"p2\"><span style=\"color: #000000;\">Mountain View, CA 94043, USA.<\/span><\/p><p class=\"p2\"><span style=\"color: #000000;\">Quando si accede a una pagina con una mappa di Google incorporata, informazioni come l'indirizzo IP e il nome dell'utente vengono utilizzate per la ricerca.<\/span><\/p><p class=\"p2\"><span style=\"color: #000000;\">i dati tecnici di utilizzo vengono trasmessi a Google e memorizzati su server al di fuori della Svizzera e dell'UE.<\/span><\/p><p class=\"p2\"><span style=\"color: #000000;\">Unione Europea. Questo trattamento dei dati \u00e8 di competenza di Google.<\/span><\/p><p class=\"p2\"><span style=\"color: #000000;\">Ulteriori informazioni sul trattamento dei dati da parte di Google sono disponibili nell'informativa sulla privacy di<\/span><\/p><p class=\"p2\"><span style=\"color: #000000;\">Google: https:\/\/policies\\.google\\.com\/privacy<\/span><\/p><p class=\"p2\"><span style=\"color: #000000;\">6. link di prenotazione esterno (Localina)<\/span><\/p><p class=\"p2\"><span style=\"color: #000000;\">Il nostro sito web contiene un link a una piattaforma di prenotazione esterna di Localina.<\/span><\/p><p class=\"p2\"><span style=\"color: #000000;\">Se cliccate su questo link, sarete reindirizzati al sito web di Localina. I dati raccolti in questo sito<\/span><\/p><p class=\"p2\"><span style=\"color: #000000;\">Il trattamento dei dati personali \u00e8 di esclusiva competenza di Localina in conformit\u00e0 a<\/span><\/p><p class=\"p2\"><span style=\"color: #000000;\">la propria politica sulla privacy. Non abbiamo alcuna influenza sui dati memorizzati sul sito e non abbiamo accesso ad essi.<\/span><\/p><p class=\"p2\"><span style=\"color: #000000;\">Dati elaborati dalla piattaforma Localina.<\/span><\/p><p class=\"p2\"><span style=\"color: #000000;\">7. richieste di contatto<\/span><\/p><p class=\"p2\"><span style=\"color: #000000;\">Se ci contattate via e-mail o tramite un modulo di contatto (se disponibile), i dati forniti da<\/span><\/p><p class=\"p2\"><span style=\"color: #000000;\">le informazioni fornite dall'utente esclusivamente per elaborare la sua richiesta e per contattarlo.<\/span><\/p><p class=\"p2\"><span style=\"color: #000000;\">utilizzati. I dati non saranno trasmessi a terzi, a meno che non vi sia un obbligo legale in tal senso.<\/span><\/p><p class=\"p2\"><span style=\"color: #000000;\">8. periodo di conservazione<\/span><\/p><p class=\"p2\"><span style=\"color: #000000;\">I dati personali vengono conservati solo per il tempo necessario agli scopi dichiarati.<\/span><\/p><p class=\"p2\"><span style=\"color: #000000;\">o obblighi di conservazione previsti dalla legge. I dati saranno quindi cancellati o resi anonimi.<\/span><\/p><p class=\"p2\"><span style=\"color: #000000;\">9. trasmissione di dati all'estero<\/span><\/p><p class=\"p2\"><span style=\"color: #000000;\">Se i dati personali vengono trasferiti a destinatari al di fuori della Svizzera, ci\u00f2 avviene<\/span><\/p><p class=\"p2\"><span style=\"color: #000000;\">esclusivamente nel rispetto della normativa vigente in materia di protezione dei dati e con idonea<\/span><\/p><p class=\"p2\"><span style=\"color: #000000;\">Garanzie.10 Diritti degli interessati<\/span><\/p><p class=\"p2\"><span style=\"color: #000000;\">In particolare, l'utente ha il diritto, ai sensi della legge svizzera sulla protezione dei dati, di<\/span><\/p><p class=\"p2\"><span style=\"color: #000000;\">- richiedere informazioni sul trattamento dei propri dati personali<\/span><\/p><p class=\"p2\"><span style=\"color: #000000;\">- richiedere la rettifica di dati personali inesatti<\/span><\/p><p class=\"p2\"><span style=\"color: #000000;\">- richiedere la cancellazione dei dati personali nella misura consentita dalla legge<\/span><\/p><p class=\"p2\"><span style=\"color: #000000;\">- per richiedere la consegna o il trasferimento dei vostri dati<\/span><\/p><p class=\"p2\"><span style=\"color: #000000;\">Per esercitare i vostri diritti, potete contattarci utilizzando i dati di contatto indicati nella sezione 1.<\/span><\/p><p class=\"p2\"><span style=\"color: #000000;\">11. modifiche alla presente informativa sulla privacy<\/span><\/p><p class=\"p2\"><span style=\"color: #000000;\">Ci riserviamo il diritto di modificare la presente informativa sulla privacy in qualsiasi momento, in particolare in caso di modifiche legali o normative.<\/span><\/p><p class=\"p2\"><span style=\"color: #000000;\">modifiche tecniche. In ogni caso si applica la versione pubblicata su questo sito web.<\/span><\/p><p class=\"p2\"><span style=\"color: #000000;\">In caso di domande sulla protezione dei dati o sulla presente informativa sulla privacy, \u00e8 possibile contattarci in qualsiasi momento tramite i seguenti indirizzi<\/span><\/p><p class=\"p2\"><span style=\"color: #000000;\">dettagli di contatto forniti.<\/span><\/p>\t\t\t\t\t\t\t\t<\/div>\n\t\t\t\t<\/div>\n\t\t\t\t\t<\/div>\n\t\t\t\t<\/div>\n\t\t\t\t<\/div>","protected":false},"excerpt":{"rendered":"<p>Datenschutzerkl\u00e4rung Stand: Februar 2026 Diese Datenschutzerkl\u00e4rung informiert Sie dar\u00fcber, wie wir personenbezogene Daten erheben, verwenden und sch\u00fctzen, wenn Sie unsere Website besuchen. Wir verarbeiten personenbezogene Daten gem\u00e4ss dem Schweizerischen Bundesgesetz \u00fcber den Datenschutz (DSG\/FADP), in Kraft seit dem 1. September 2023. 1. Verantwortlicher Verantwortlich f\u00fcr die Datenbearbeitung auf dieser Website ist: Saltor AG c\/o \u2013 [&hellip;]<\/p>\n","protected":false},"author":2,"featured_media":0,"parent":621,"menu_order":0,"comment_status":"closed","ping_status":"closed","template":"","meta":{"site-sidebar-layout":"no-sidebar","site-content-layout":"page-builder","ast-site-content-layout":"full-width-container","site-content-style":"default","site-sidebar-style":"default","ast-global-header-display":"","ast-banner-title-visibility":"","ast-main-header-display":"","ast-hfb-above-header-display":"","ast-hfb-below-header-display":"","ast-hfb-mobile-header-display":"","site-post-title":"disabled","ast-breadcrumbs-content":"","ast-featured-img":"disabled","footer-sml-layout":"","ast-disable-related-posts":"","theme-transparent-header-meta":"","adv-header-id-meta":"","stick-header-meta":"","header-above-stick-meta":"","header-main-stick-meta":"","header-below-stick-meta":"","astra-migrate-meta-layouts":"set","ast-page-background-enabled":"default","ast-page-background-meta":{"desktop":{"background-color":"","background-image":"","background-repeat":"repeat","background-position":"center center","background-size":"auto","background-attachment":"scroll","background-type":"","background-media":"","overlay-type":"","overlay-color":"","overlay-opacity":"","overlay-gradient":""},"tablet":{"background-color":"","background-image":"","background-repeat":"repeat","background-position":"center center","background-size":"auto","background-attachment":"scroll","background-type":"","background-media":"","overlay-type":"","overlay-color":"","overlay-opacity":"","overlay-gradient":""},"mobile":{"background-color":"","background-image":"","background-repeat":"repeat","background-position":"center center","background-size":"auto","background-attachment":"scroll","background-type":"","background-media":"","overlay-type":"","overlay-color":"","overlay-opacity":"","overlay-gradient":""}},"ast-content-background-meta":{"desktop":{"background-color":"var(--ast-global-color-5)","background-image":"","background-repeat":"repeat","background-position":"center center","background-size":"auto","background-attachment":"scroll","background-type":"","background-media":"","overlay-type":"","overlay-color":"","overlay-opacity":"","overlay-gradient":""},"tablet":{"background-color":"var(--ast-global-color-5)","background-image":"","background-repeat":"repeat","background-position":"center center","background-size":"auto","background-attachment":"scroll","background-type":"","background-media":"","overlay-type":"","overlay-color":"","overlay-opacity":"","overlay-gradient":""},"mobile":{"background-color":"var(--ast-global-color-5)","background-image":"","background-repeat":"repeat","background-position":"center center","background-size":"auto","background-attachment":"scroll","background-type":"","background-media":"","overlay-type":"","overlay-color":"","overlay-opacity":"","overlay-gradient":""}},"footnotes":""},"class_list":["post-750","page","type-page","status-publish","hentry"],"_links":{"self":[{"href":"https:\/\/ristorante-salvatore.ch\/it\/wp-json\/wp\/v2\/pages\/750","targetHints":{"allow":["GET"]}}],"collection":[{"href":"https:\/\/ristorante-salvatore.ch\/it\/wp-json\/wp\/v2\/pages"}],"about":[{"href":"https:\/\/ristorante-salvatore.ch\/it\/wp-json\/wp\/v2\/types\/page"}],"author":[{"embeddable":true,"href":"https:\/\/ristorante-salvatore.ch\/it\/wp-json\/wp\/v2\/users\/2"}],"replies":[{"embeddable":true,"href":"https:\/\/ristorante-salvatore.ch\/it\/wp-json\/wp\/v2\/comments?post=750"}],"version-history":[{"count":7,"href":"https:\/\/ristorante-salvatore.ch\/it\/wp-json\/wp\/v2\/pages\/750\/revisions"}],"predecessor-version":[{"id":783,"href":"https:\/\/ristorante-salvatore.ch\/it\/wp-json\/wp\/v2\/pages\/750\/revisions\/783"}],"up":[{"embeddable":true,"href":"https:\/\/ristorante-salvatore.ch\/it\/wp-json\/wp\/v2\/pages\/621"}],"wp:attachment":[{"href":"https:\/\/ristorante-salvatore.ch\/it\/wp-json\/wp\/v2\/media?parent=750"}],"curies":[{"name":"wp","href":"https:\/\/api.w.org\/{rel}","templated":true}]}}